{"id":123,"date":"2025-11-18T16:58:53","date_gmt":"2025-11-18T09:58:53","guid":{"rendered":"https:\/\/anthinhkhang.123websitedev.com\/?page_id=123"},"modified":"2025-12-19T15:34:27","modified_gmt":"2025-12-19T08:34:27","slug":"blog","status":"publish","type":"page","link":"https:\/\/anthinhkhangfarm.com\/vi\/blog\/","title":{"rendered":"Blog"},"content":{"rendered":"<div data-elementor-type=\"wp-page\" data-elementor-id=\"123\" class=\"elementor elementor-123\" data-elementor-post-type=\"page\">\n\t\t\t\t<div class=\"elementor-element elementor-element-4ad09ca0 e-flex e-con-boxed e-con e-parent\" data-id=\"4ad09ca0\" data-element_type=\"container\" data-settings='{\"background_background\":\"classic\"}'>\n\t\t\t\t\t<div class=\"e-con-inner\">\n\t\t<div class=\"elementor-element elementor-element-1f5e9fbf e-con-full e-flex e-con e-child\" data-id=\"1f5e9fbf\" data-element_type=\"container\">\n\t\t\t\t<div class=\"elementor-element elementor-element-867 elementor-widget elementor-widget-global elementor-global-867 elementor-widget-breadcrumbs\" data-id=\"867\" data-element_type=\"widget\" data-widget_type=\"breadcrumbs.default\">\n\t\t\t\t\t<div id=\"breadcrumbs\"><span><span><a href=\"https:\/\/anthinhkhangfarm.com\/vi\/\">Trang ch\u1ee7<\/a><\/span><\/span><\/div>\t\t\t\t<\/div>\n\t\t\t\t<\/div>\n\t\t\t\t\t<\/div>\n\t\t\t\t<\/div>\n\t\t<div class=\"elementor-element elementor-element-debaab9 e-flex e-con-boxed e-con e-parent\" data-id=\"debaab9\" data-element_type=\"container\">\n\t\t\t\t\t<div class=\"e-con-inner\">\n\t\t<div class=\"elementor-element elementor-element-454a51ed e-con-full animated-slow e-flex elementor-invisible e-con e-child\" data-id=\"454a51ed\" data-element_type=\"container\" data-settings='{\"animation\":\"fadeIn\"}'>\n\t\t\t\t<div class=\"elementor-element elementor-element-71d9be8d elementor-widget elementor-widget-heading\" data-id=\"71d9be8d\" data-element_type=\"widget\" data-widget_type=\"heading.default\">\n\t\t\t\t\t<h2 class=\"elementor-heading-title elementor-size-default\">b\u00e0i \u0111\u0103ng tr\u00ean blog<\/h2>\t\t\t\t<\/div>\n\t\t\t\t<\/div>\n\t\t<div class=\"elementor-element elementor-element-4c47a866 e-con-full animated-slow e-flex elementor-invisible e-con e-child\" data-id=\"4c47a866\" data-element_type=\"container\" data-settings='{\"animation\":\"fadeInUp\"}'>\n\t\t\t\t<div class=\"elementor-element elementor-element-36ca31a3 blog-archive elementor-widget elementor-widget-elementskit-blog-posts\" data-id=\"36ca31a3\" data-element_type=\"widget\" data-widget_type=\"elementskit-blog-posts.default\">\n\t\t\t\t\t<div class=\"ekit-wid-con\">        <div id=\"post-items--36ca31a3\" class=\"row post-items\">\n                    <div class=\"col-lg-4 col-md-6\">\n\n                                    <div class=\"elementskit-post-image-card\">\n                        <div class=\"elementskit-entry-header\">\n                                                            <a href=\"https:\/\/anthinhkhangfarm.com\/vi\/dac-diem-dat-cua-vung-cao-nguyen-trung-tam-ho-tro-tang-truong-nong-nghiep-trong-tuong-lai\/\" class=\"elementskit-entry-thumb\">\n                                    <img decoding=\"async\" src=\"https:\/\/anthinhkhangfarm.com\/wp-content\/uploads\/2025\/11\/z7159336908933_ea7c30738afef212260c30aaa0d0d874-768x1024.jpg\" alt=\"\u0110\u1eb7c \u0111i\u1ec3m \u0111\u1ea5t c\u1ee7a T\u00e2y Nguy\u00ean h\u1ed7 tr\u1ee3 t\u0103ng tr\u01b0\u1edfng n\u00f4ng nghi\u1ec7p trong t\u01b0\u01a1ng lai\">\n                                <\/a><!-- .elementskit-entry-thumb END -->\n                                                            \n                            \n\t\t\t\t\t\t\t\t\t\t\t\t\t<\/div><!-- .elementskit-entry-header END -->\n\n\t\t\t\t\t\t<div class=\"elementskit-post-body\">\n\t\t\t\t\t\t\t\n\t\t\t\t\t\t\t\t\t\t\t\t\t\t\t\t\t\t\t\t\t\t\t\t\t\t\t\t<div class=\"post-meta-list\">\n\t\t\t\t\t\t\t\t\t\t\t\t\t\t\t\t\t\t\t\t\t\t\t\t\t\t\t\t\t\t\t\t<span class=\"meta-date\">\n\t\t\t\t\t\t\t\t\t\t<i aria-hidden=\"true\" class=\"icon icon-calendar3\"><\/i>\t\t\t\t\t\t\t\t\t\t<span class=\"meta-date-text\">\n\t\t\t\t\t\t\t\t\t\t\t20\/11\/2025\t\t\t\t\t\t\t\t\t\t<\/span>\n\t\t\t\t\t\t\t\t\t<\/span>\n\t\t\t\t\t\t\t\t\t\t\t\t\t\t\t\t\t\t\t\t\t\t\t\t\t\t\t\t\t\t\t\t\t\t\t\t\t<\/div>\n\t\t\t\t\t\t\t\t\t\t\t\t\t\n\t\t\t\t\t\t\t\t\n\t\t\t\t\t\t\t\t\t\t\t\t\t\t\t\t\t\t\t\t\t<h2 class=\"entry-title\">\n\t\t\t\t\t<a href=\"https:\/\/anthinhkhangfarm.com\/vi\/dac-diem-dat-cua-vung-cao-nguyen-trung-tam-ho-tro-tang-truong-nong-nghiep-trong-tuong-lai\/\">\n\t\t\t\t\t\t\u0110\u1eb7c \u0111i\u1ec3m \u0111\u1ea5t c\u1ee7a T\u00e2y Nguy\u00ean h\u1ed7 tr\u1ee3 t\u0103ng tr\u01b0\u1edfng n\u00f4ng nghi\u1ec7p trong t\u01b0\u01a1ng lai\t\t\t\t\t<\/a>\n\t\t\t\t<\/h2>\n\t\t\t\t\t\t\t\t\t\t\t\t\t\t\t\t\t\t\t\t\t\t\t\t\t\t\t\t\t\t\t\t                                                            <div class=\"btn-wraper\">\n                                    \n                                                                            <a class=\"elementskit-btn whitespace--normal\" id=\"\" href=\"https:\/\/anthinhkhangfarm.com\/vi\/dac-diem-dat-cua-vung-cao-nguyen-trung-tam-ho-tro-tang-truong-nong-nghiep-trong-tuong-lai\/\">\n                                        \t                                            T\u00ecm hi\u1ec3u th\u00eam                                         <\/a>\n                                                                    <\/div>\n                                                    <\/div><!-- .elementskit-post-body END -->\n                    <\/div>\n                \n            <\/div>\n                    <div class=\"col-lg-4 col-md-6\">\n\n                                    <div class=\"elementskit-post-image-card\">\n                        <div class=\"elementskit-entry-header\">\n                                                            <a href=\"https:\/\/anthinhkhangfarm.com\/vi\/the-current-banana-market\/\" class=\"elementskit-entry-thumb\">\n                                    <img decoding=\"async\" src=\"https:\/\/anthinhkhangfarm.com\/wp-content\/uploads\/2025\/11\/z7159337127738_650edd643a2b1c16ae046843b366a488-768x1024.jpg\" alt=\"Th\u1ecb tr\u01b0\u1eddng chu\u1ed1i hi\u1ec7n t\u1ea1i\">\n                                <\/a><!-- .elementskit-entry-thumb END -->\n                                                            \n                            \n\t\t\t\t\t\t\t\t\t\t\t\t\t<\/div><!-- .elementskit-entry-header END -->\n\n\t\t\t\t\t\t<div class=\"elementskit-post-body\">\n\t\t\t\t\t\t\t\n\t\t\t\t\t\t\t\t\t\t\t\t\t\t\t\t\t\t\t\t\t\t\t\t\t\t\t\t<div class=\"post-meta-list\">\n\t\t\t\t\t\t\t\t\t\t\t\t\t\t\t\t\t\t\t\t\t\t\t\t\t\t\t\t\t\t\t\t<span class=\"meta-date\">\n\t\t\t\t\t\t\t\t\t\t<i aria-hidden=\"true\" class=\"icon icon-calendar3\"><\/i>\t\t\t\t\t\t\t\t\t\t<span class=\"meta-date-text\">\n\t\t\t\t\t\t\t\t\t\t\t20\/11\/2025\t\t\t\t\t\t\t\t\t\t<\/span>\n\t\t\t\t\t\t\t\t\t<\/span>\n\t\t\t\t\t\t\t\t\t\t\t\t\t\t\t\t\t\t\t\t\t\t\t\t\t\t\t\t\t\t\t\t\t\t\t\t\t<\/div>\n\t\t\t\t\t\t\t\t\t\t\t\t\t\n\t\t\t\t\t\t\t\t\n\t\t\t\t\t\t\t\t\t\t\t\t\t\t\t\t\t\t\t\t\t<h2 class=\"entry-title\">\n\t\t\t\t\t<a href=\"https:\/\/anthinhkhangfarm.com\/vi\/the-current-banana-market\/\">\n\t\t\t\t\t\tTh\u1ecb tr\u01b0\u1eddng chu\u1ed1i hi\u1ec7n t\u1ea1i\t\t\t\t\t<\/a>\n\t\t\t\t<\/h2>\n\t\t\t\t\t\t\t\t\t\t\t\t\t\t\t\t\t\t\t\t\t\t\t\t\t\t\t\t\t\t\t\t                                                            <div class=\"btn-wraper\">\n                                    \n                                                                            <a class=\"elementskit-btn whitespace--normal\" id=\"\" href=\"https:\/\/anthinhkhangfarm.com\/vi\/the-current-banana-market\/\">\n                                        \t                                            T\u00ecm hi\u1ec3u th\u00eam                                         <\/a>\n                                                                    <\/div>\n                                                    <\/div><!-- .elementskit-post-body END -->\n                    <\/div>\n                \n            <\/div>\n                    <div class=\"col-lg-4 col-md-6\">\n\n                                    <div class=\"elementskit-post-image-card\">\n                        <div class=\"elementskit-entry-header\">\n                                                            <a href=\"https:\/\/anthinhkhangfarm.com\/vi\/nutritional-information-of-different-types-of-bananas\/\" class=\"elementskit-entry-thumb\">\n                                    <img decoding=\"async\" src=\"https:\/\/anthinhkhangfarm.com\/wp-content\/uploads\/2025\/11\/z7159336815689_e9a5b34c54c743a664125003c1647085-e1764237201149-1024x727.jpg\" alt=\"Th\u00f4ng tin dinh d\u01b0\u1ee1ng c\u1ee7a c\u00e1c lo\u1ea1i chu\u1ed1i kh\u00e1c nhau\">\n                                <\/a><!-- .elementskit-entry-thumb END -->\n                                                            \n                            \n\t\t\t\t\t\t\t\t\t\t\t\t\t<\/div><!-- .elementskit-entry-header END -->\n\n\t\t\t\t\t\t<div class=\"elementskit-post-body\">\n\t\t\t\t\t\t\t\n\t\t\t\t\t\t\t\t\t\t\t\t\t\t\t\t\t\t\t\t\t\t\t\t\t\t\t\t<div class=\"post-meta-list\">\n\t\t\t\t\t\t\t\t\t\t\t\t\t\t\t\t\t\t\t\t\t\t\t\t\t\t\t\t\t\t\t\t<span class=\"meta-date\">\n\t\t\t\t\t\t\t\t\t\t<i aria-hidden=\"true\" class=\"icon icon-calendar3\"><\/i>\t\t\t\t\t\t\t\t\t\t<span class=\"meta-date-text\">\n\t\t\t\t\t\t\t\t\t\t\t20\/11\/2025\t\t\t\t\t\t\t\t\t\t<\/span>\n\t\t\t\t\t\t\t\t\t<\/span>\n\t\t\t\t\t\t\t\t\t\t\t\t\t\t\t\t\t\t\t\t\t\t\t\t\t\t\t\t\t\t\t\t\t\t\t\t\t<\/div>\n\t\t\t\t\t\t\t\t\t\t\t\t\t\n\t\t\t\t\t\t\t\t\n\t\t\t\t\t\t\t\t\t\t\t\t\t\t\t\t\t\t\t\t\t<h2 class=\"entry-title\">\n\t\t\t\t\t<a href=\"https:\/\/anthinhkhangfarm.com\/vi\/nutritional-information-of-different-types-of-bananas\/\">\n\t\t\t\t\t\tTh\u00f4ng tin dinh d\u01b0\u1ee1ng c\u1ee7a c\u00e1c lo\u1ea1i chu\u1ed1i kh\u00e1c nhau\t\t\t\t\t<\/a>\n\t\t\t\t<\/h2>\n\t\t\t\t\t\t\t\t\t\t\t\t\t\t\t\t\t\t\t\t\t\t\t\t\t\t\t\t\t\t\t\t                                                            <div class=\"btn-wraper\">\n                                    \n                                                                            <a class=\"elementskit-btn whitespace--normal\" id=\"\" href=\"https:\/\/anthinhkhangfarm.com\/vi\/nutritional-information-of-different-types-of-bananas\/\">\n                                        \t                                            T\u00ecm hi\u1ec3u th\u00eam                                         <\/a>\n                                                                    <\/div>\n                                                    <\/div><!-- .elementskit-post-body END -->\n                    <\/div>\n                \n            <\/div>\n                    <div class=\"col-lg-4 col-md-6\">\n\n                                    <div class=\"elementskit-post-image-card\">\n                        <div class=\"elementskit-entry-header\">\n                                                            <a href=\"https:\/\/anthinhkhangfarm.com\/vi\/potential-crops-for-development-in-the-central-highlands\/\" class=\"elementskit-entry-thumb\">\n                                    <img decoding=\"async\" src=\"https:\/\/anthinhkhangfarm.com\/wp-content\/uploads\/2025\/11\/6.jpg\" alt=\"C\u00e1c lo\u1ea1i c\u00e2y tr\u1ed3ng ti\u1ec1m n\u0103ng ph\u00e1t tri\u1ec3n \u1edf T\u00e2y Nguy\u00ean\">\n                                <\/a><!-- .elementskit-entry-thumb END -->\n                                                            \n                            \n\t\t\t\t\t\t\t\t\t\t\t\t\t<\/div><!-- .elementskit-entry-header END -->\n\n\t\t\t\t\t\t<div class=\"elementskit-post-body\">\n\t\t\t\t\t\t\t\n\t\t\t\t\t\t\t\t\t\t\t\t\t\t\t\t\t\t\t\t\t\t\t\t\t\t\t\t<div class=\"post-meta-list\">\n\t\t\t\t\t\t\t\t\t\t\t\t\t\t\t\t\t\t\t\t\t\t\t\t\t\t\t\t\t\t\t\t<span class=\"meta-date\">\n\t\t\t\t\t\t\t\t\t\t<i aria-hidden=\"true\" class=\"icon icon-calendar3\"><\/i>\t\t\t\t\t\t\t\t\t\t<span class=\"meta-date-text\">\n\t\t\t\t\t\t\t\t\t\t\t20\/11\/2025\t\t\t\t\t\t\t\t\t\t<\/span>\n\t\t\t\t\t\t\t\t\t<\/span>\n\t\t\t\t\t\t\t\t\t\t\t\t\t\t\t\t\t\t\t\t\t\t\t\t\t\t\t\t\t\t\t\t\t\t\t\t\t<\/div>\n\t\t\t\t\t\t\t\t\t\t\t\t\t\n\t\t\t\t\t\t\t\t\n\t\t\t\t\t\t\t\t\t\t\t\t\t\t\t\t\t\t\t\t\t<h2 class=\"entry-title\">\n\t\t\t\t\t<a href=\"https:\/\/anthinhkhangfarm.com\/vi\/potential-crops-for-development-in-the-central-highlands\/\">\n\t\t\t\t\t\tC\u00e1c lo\u1ea1i c\u00e2y tr\u1ed3ng ti\u1ec1m n\u0103ng ph\u00e1t tri\u1ec3n \u1edf T\u00e2y Nguy\u00ean\t\t\t\t\t<\/a>\n\t\t\t\t<\/h2>\n\t\t\t\t\t\t\t\t\t\t\t\t\t\t\t\t\t\t\t\t\t\t\t\t\t\t\t\t\t\t\t\t                                                            <div class=\"btn-wraper\">\n                                    \n                                                                            <a class=\"elementskit-btn whitespace--normal\" id=\"\" href=\"https:\/\/anthinhkhangfarm.com\/vi\/potential-crops-for-development-in-the-central-highlands\/\">\n                                        \t                                            T\u00ecm hi\u1ec3u th\u00eam                                         <\/a>\n                                                                    <\/div>\n                                                    <\/div><!-- .elementskit-post-body END -->\n                    <\/div>\n                \n            <\/div>\n                <\/div>\n       <\/div>\t\t\t\t<\/div>\n\t\t\t\t<\/div>\n\t\t\t\t\t<\/div>\n\t\t\t\t<\/div>\n\t\t\t\t<div class=\"xs_social_share_widget xs_share_url after_content \t\tmain_content  wslu-style-1 wslu-share-box-shaped wslu-fill-colored wslu-none wslu-share-horizontal wslu-theme-font-no wslu-main_content\">\n\n\t\t\n        <ul>\n\t\t\t        <\/ul>\n    <\/div><\/div>","protected":false},"excerpt":{"rendered":"<p>blog post 20\/11\/2025 Soil Characteristics of the Central Highlands Supporting Future Agricultural Growth Learn more 20\/11\/2025 The Current Banana Market Learn more 20\/11\/2025 Nutritional Information of Different Types of Bananas Learn more 20\/11\/2025 Potential Crops for Development in the Central Highlands Learn more<\/p>","protected":false},"author":1,"featured_media":0,"parent":0,"menu_order":0,"comment_status":"closed","ping_status":"closed","template":"elementor_header_footer","meta":{"footnotes":""},"class_list":["post-123","page","type-page","status-publish","hentry"],"blocksy_meta":[],"yoast_head":"<!-- This site is optimized with the Yoast SEO Premium plugin v24.8 (Yoast SEO v24.8) - https:\/\/yoast.com\/wordpress\/plugins\/seo\/ -->\n<title>Blog - An Th\u1ecbnh Khang Farm<\/title>\n<meta name=\"robots\" content=\"index, follow, max-snippet:-1, max-image-preview:large, max-video-preview:-1\" \/>\n<link rel=\"canonical\" href=\"https:\/\/anthinhkhangfarm.com\/vi\/blog\/\" \/>\n<meta property=\"og:locale\" content=\"vi_VN\" \/>\n<meta property=\"og:type\" content=\"article\" \/>\n<meta property=\"og:title\" content=\"Blog\" \/>\n<meta property=\"og:description\" content=\"blog post 20\/11\/2025 Soil Characteristics of the Central Highlands Supporting Future Agricultural Growth Learn more 20\/11\/2025 The Current Banana Market Learn more 20\/11\/2025 Nutritional Information of Different Types of Bananas Learn more 20\/11\/2025 Potential Crops for Development in the Central Highlands Learn more\" \/>\n<meta property=\"og:url\" content=\"https:\/\/anthinhkhangfarm.com\/vi\/blog\/\" \/>\n<meta property=\"og:site_name\" content=\"An Th\u1ecbnh Khang Farm\" \/>\n<meta property=\"article:modified_time\" content=\"2025-12-19T08:34:27+00:00\" \/>\n<meta property=\"og:image\" content=\"https:\/\/anthinhkhangfarm.com\/wp-content\/uploads\/2025\/11\/z7159336908933_ea7c30738afef212260c30aaa0d0d874-768x1024.jpg\" \/>\n<meta name=\"twitter:card\" content=\"summary_large_image\" \/>\n<meta name=\"twitter:label1\" content=\"\u01af\u1edbc t\u00ednh th\u1eddi gian \u0111\u1ecdc\" \/>\n\t<meta name=\"twitter:data1\" content=\"1 ph\u00fat\" \/>\n<script type=\"application\/ld+json\" class=\"yoast-schema-graph\">{\"@context\":\"https:\/\/schema.org\",\"@graph\":[{\"@type\":\"WebPage\",\"@id\":\"https:\/\/anthinhkhangfarm.com\/blog\/\",\"url\":\"https:\/\/anthinhkhangfarm.com\/blog\/\",\"name\":\"Blog - An Th\u1ecbnh Khang Farm\",\"isPartOf\":{\"@id\":\"https:\/\/anthinhkhangfarm.com\/#website\"},\"primaryImageOfPage\":{\"@id\":\"https:\/\/anthinhkhangfarm.com\/blog\/#primaryimage\"},\"image\":{\"@id\":\"https:\/\/anthinhkhangfarm.com\/blog\/#primaryimage\"},\"thumbnailUrl\":\"https:\/\/anthinhkhangfarm.com\/wp-content\/uploads\/2025\/11\/z7159336908933_ea7c30738afef212260c30aaa0d0d874-768x1024.jpg\",\"datePublished\":\"2025-11-18T09:58:53+00:00\",\"dateModified\":\"2025-12-19T08:34:27+00:00\",\"breadcrumb\":{\"@id\":\"https:\/\/anthinhkhangfarm.com\/blog\/#breadcrumb\"},\"inLanguage\":\"vi\",\"potentialAction\":[{\"@type\":\"ReadAction\",\"target\":[\"https:\/\/anthinhkhangfarm.com\/blog\/\"]}]},{\"@type\":\"ImageObject\",\"inLanguage\":\"vi\",\"@id\":\"https:\/\/anthinhkhangfarm.com\/blog\/#primaryimage\",\"url\":\"https:\/\/anthinhkhangfarm.com\/wp-content\/uploads\/2025\/11\/z7159336908933_ea7c30738afef212260c30aaa0d0d874-768x1024.jpg\",\"contentUrl\":\"https:\/\/anthinhkhangfarm.com\/wp-content\/uploads\/2025\/11\/z7159336908933_ea7c30738afef212260c30aaa0d0d874-768x1024.jpg\"},{\"@type\":\"BreadcrumbList\",\"@id\":\"https:\/\/anthinhkhangfarm.com\/blog\/#breadcrumb\",\"itemListElement\":[{\"@type\":\"ListItem\",\"position\":1,\"name\":\"Home\",\"item\":\"https:\/\/anthinhkhangfarm.com\/\"},{\"@type\":\"ListItem\",\"position\":2,\"name\":\"Blog\"}]},{\"@type\":\"WebSite\",\"@id\":\"https:\/\/anthinhkhangfarm.com\/#website\",\"url\":\"https:\/\/anthinhkhangfarm.com\/\",\"name\":\"An Th\u1ecbnh Khang Farm\",\"description\":\"\",\"potentialAction\":[{\"@type\":\"SearchAction\",\"target\":{\"@type\":\"EntryPoint\",\"urlTemplate\":\"https:\/\/anthinhkhangfarm.com\/?s={search_term_string}\"},\"query-input\":{\"@type\":\"PropertyValueSpecification\",\"valueRequired\":true,\"valueName\":\"search_term_string\"}}],\"inLanguage\":\"vi\"}]}<\/script>\n<!-- \/ Yoast SEO Premium plugin. -->","yoast_head_json":{"title":"Blog - An Th\u1ecbnh Khang Farm","robots":{"index":"index","follow":"follow","max-snippet":"max-snippet:-1","max-image-preview":"max-image-preview:large","max-video-preview":"max-video-preview:-1"},"canonical":"https:\/\/anthinhkhangfarm.com\/vi\/blog\/","og_locale":"vi_VN","og_type":"article","og_title":"Blog","og_description":"blog post 20\/11\/2025 Soil Characteristics of the Central Highlands Supporting Future Agricultural Growth Learn more 20\/11\/2025 The Current Banana Market Learn more 20\/11\/2025 Nutritional Information of Different Types of Bananas Learn more 20\/11\/2025 Potential Crops for Development in the Central Highlands Learn more","og_url":"https:\/\/anthinhkhangfarm.com\/vi\/blog\/","og_site_name":"An Th\u1ecbnh Khang Farm","article_modified_time":"2025-12-19T08:34:27+00:00","og_image":[{"url":"https:\/\/anthinhkhangfarm.com\/wp-content\/uploads\/2025\/11\/z7159336908933_ea7c30738afef212260c30aaa0d0d874-768x1024.jpg","type":"","width":"","height":""}],"twitter_card":"summary_large_image","twitter_misc":{"\u01af\u1edbc t\u00ednh th\u1eddi gian \u0111\u1ecdc":"1 ph\u00fat"},"schema":{"@context":"https:\/\/schema.org","@graph":[{"@type":"WebPage","@id":"https:\/\/anthinhkhangfarm.com\/blog\/","url":"https:\/\/anthinhkhangfarm.com\/blog\/","name":"Blog - An Th\u1ecbnh Khang Farm","isPartOf":{"@id":"https:\/\/anthinhkhangfarm.com\/#website"},"primaryImageOfPage":{"@id":"https:\/\/anthinhkhangfarm.com\/blog\/#primaryimage"},"image":{"@id":"https:\/\/anthinhkhangfarm.com\/blog\/#primaryimage"},"thumbnailUrl":"https:\/\/anthinhkhangfarm.com\/wp-content\/uploads\/2025\/11\/z7159336908933_ea7c30738afef212260c30aaa0d0d874-768x1024.jpg","datePublished":"2025-11-18T09:58:53+00:00","dateModified":"2025-12-19T08:34:27+00:00","breadcrumb":{"@id":"https:\/\/anthinhkhangfarm.com\/blog\/#breadcrumb"},"inLanguage":"vi","potentialAction":[{"@type":"ReadAction","target":["https:\/\/anthinhkhangfarm.com\/blog\/"]}]},{"@type":"ImageObject","inLanguage":"vi","@id":"https:\/\/anthinhkhangfarm.com\/blog\/#primaryimage","url":"https:\/\/anthinhkhangfarm.com\/wp-content\/uploads\/2025\/11\/z7159336908933_ea7c30738afef212260c30aaa0d0d874-768x1024.jpg","contentUrl":"https:\/\/anthinhkhangfarm.com\/wp-content\/uploads\/2025\/11\/z7159336908933_ea7c30738afef212260c30aaa0d0d874-768x1024.jpg"},{"@type":"BreadcrumbList","@id":"https:\/\/anthinhkhangfarm.com\/blog\/#breadcrumb","itemListElement":[{"@type":"ListItem","position":1,"name":"Home","item":"https:\/\/anthinhkhangfarm.com\/"},{"@type":"ListItem","position":2,"name":"Blog"}]},{"@type":"WebSite","@id":"https:\/\/anthinhkhangfarm.com\/#website","url":"https:\/\/anthinhkhangfarm.com\/","name":"An Th\u1ecbnh Khang Farm","description":"","potentialAction":[{"@type":"SearchAction","target":{"@type":"EntryPoint","urlTemplate":"https:\/\/anthinhkhangfarm.com\/?s={search_term_string}"},"query-input":{"@type":"PropertyValueSpecification","valueRequired":true,"valueName":"search_term_string"}}],"inLanguage":"vi"}]}},"_links":{"self":[{"href":"https:\/\/anthinhkhangfarm.com\/vi\/wp-json\/wp\/v2\/pages\/123","targetHints":{"allow":["GET"]}}],"collection":[{"href":"https:\/\/anthinhkhangfarm.com\/vi\/wp-json\/wp\/v2\/pages"}],"about":[{"href":"https:\/\/anthinhkhangfarm.com\/vi\/wp-json\/wp\/v2\/types\/page"}],"author":[{"embeddable":true,"href":"https:\/\/anthinhkhangfarm.com\/vi\/wp-json\/wp\/v2\/users\/1"}],"replies":[{"embeddable":true,"href":"https:\/\/anthinhkhangfarm.com\/vi\/wp-json\/wp\/v2\/comments?post=123"}],"version-history":[{"count":46,"href":"https:\/\/anthinhkhangfarm.com\/vi\/wp-json\/wp\/v2\/pages\/123\/revisions"}],"predecessor-version":[{"id":1864,"href":"https:\/\/anthinhkhangfarm.com\/vi\/wp-json\/wp\/v2\/pages\/123\/revisions\/1864"}],"wp:attachment":[{"href":"https:\/\/anthinhkhangfarm.com\/vi\/wp-json\/wp\/v2\/media?parent=123"}],"curies":[{"name":"wp","href":"https:\/\/api.w.org\/{rel}","templated":true}]}}