{"id":132,"date":"2025-11-18T17:10:54","date_gmt":"2025-11-18T10:10:54","guid":{"rendered":"https:\/\/anthinhkhang.123websitedev.com\/?page_id=132"},"modified":"2025-12-09T09:38:29","modified_gmt":"2025-12-09T02:38:29","slug":"contact","status":"publish","type":"page","link":"https:\/\/anthinhkhangfarm.com\/vi\/lien-he\/","title":{"rendered":"Li\u00ean h\u1ec7"},"content":{"rendered":"<div data-elementor-type=\"wp-page\" data-elementor-id=\"132\" class=\"elementor elementor-132\" data-elementor-post-type=\"page\">\n\t\t\t\t<div class=\"elementor-element elementor-element-48c6b04f e-flex e-con-boxed e-con e-parent\" data-id=\"48c6b04f\" data-element_type=\"container\" data-settings='{\"background_background\":\"classic\"}'>\n\t\t\t\t\t<div class=\"e-con-inner\">\n\t\t<div class=\"elementor-element elementor-element-6aafd71e e-con-full e-flex e-con e-child\" data-id=\"6aafd71e\" data-element_type=\"container\">\n\t\t\t\t<div class=\"elementor-element elementor-element-867 elementor-widget elementor-widget-global elementor-global-867 elementor-widget-breadcrumbs\" data-id=\"867\" data-element_type=\"widget\" data-widget_type=\"breadcrumbs.default\">\n\t\t\t\t\t<div id=\"breadcrumbs\"><span><span><a href=\"https:\/\/anthinhkhangfarm.com\/vi\/\">Trang ch\u1ee7<\/a><\/span><\/span><\/div>\t\t\t\t<\/div>\n\t\t\t\t<\/div>\n\t\t\t\t\t<\/div>\n\t\t\t\t<\/div>\n\t\t<div class=\"elementor-element elementor-element-d1066eb e-flex e-con-boxed e-con e-parent\" data-id=\"d1066eb\" data-element_type=\"container\">\n\t\t\t\t\t<div class=\"e-con-inner\">\n\t\t\t\t<div class=\"elementor-element elementor-element-1ab7bd2 elementor-position-left elementor-widget__width-initial elementor-view-default elementor-mobile-position-top elementor-widget elementor-widget-icon-box\" data-id=\"1ab7bd2\" data-element_type=\"widget\" data-widget_type=\"icon-box.default\">\n\t\t\t\t\t\t\t<div class=\"elementor-icon-box-wrapper\">\n\n\t\t\t\t\t\t<div class=\"elementor-icon-box-icon\">\n\t\t\t\t<span class=\"elementor-icon\">\n\t\t\t\t<i aria-hidden=\"true\" class=\"icon icon-email1\"><\/i>\t\t\t\t<\/span>\n\t\t\t<\/div>\n\t\t\t\n\t\t\t\t\t\t<div class=\"elementor-icon-box-content\">\n\n\t\t\t\t\t\t\t\t\t<h4 class=\"elementor-icon-box-title\">\n\t\t\t\t\t\t<span>\n\t\t\t\t\t\t\tE-mail\t\t\t\t\t\t<\/span>\n\t\t\t\t\t<\/h4>\n\t\t\t\t\n\t\t\t\t\t\t\t\t\t<p class=\"elementor-icon-box-description\">\n\t\t\t\t\t\tatkbanana.agri@outlook.com\t\t\t\t\t<\/p>\n\t\t\t\t\n\t\t\t<\/div>\n\t\t\t\n\t\t<\/div>\n\t\t\t\t\t\t<\/div>\n\t\t\t\t<div class=\"elementor-element elementor-element-edd429b elementor-position-left elementor-widget__width-initial elementor-view-default elementor-mobile-position-top elementor-widget elementor-widget-icon-box\" data-id=\"edd429b\" data-element_type=\"widget\" data-widget_type=\"icon-box.default\">\n\t\t\t\t\t\t\t<div class=\"elementor-icon-box-wrapper\">\n\n\t\t\t\t\t\t<div class=\"elementor-icon-box-icon\">\n\t\t\t\t<span class=\"elementor-icon\">\n\t\t\t\t<i aria-hidden=\"true\" class=\"icon icon-phone1\"><\/i>\t\t\t\t<\/span>\n\t\t\t<\/div>\n\t\t\t\n\t\t\t\t\t\t<div class=\"elementor-icon-box-content\">\n\n\t\t\t\t\t\t\t\t\t<h4 class=\"elementor-icon-box-title\">\n\t\t\t\t\t\t<span>\n\t\t\t\t\t\t\t\u0110i\u1ec7n tho\u1ea1i\t\t\t\t\t\t<\/span>\n\t\t\t\t\t<\/h4>\n\t\t\t\t\n\t\t\t\t\t\t\t\t\t<p class=\"elementor-icon-box-description\">\n\t\t\t\t\t\t\u00d4ng To\u00e0n: +84 819444339<br>\nC\u00f4 Claire: +84 949331413\n\t\t\t\t\t<\/p>\n\t\t\t\t\n\t\t\t<\/div>\n\t\t\t\n\t\t<\/div>\n\t\t\t\t\t\t<\/div>\n\t\t\t\t<div class=\"elementor-element elementor-element-d35225b elementor-position-left elementor-widget__width-initial elementor-view-default elementor-mobile-position-top elementor-widget elementor-widget-icon-box\" data-id=\"d35225b\" data-element_type=\"widget\" data-widget_type=\"icon-box.default\">\n\t\t\t\t\t\t\t<div class=\"elementor-icon-box-wrapper\">\n\n\t\t\t\t\t\t<div class=\"elementor-icon-box-icon\">\n\t\t\t\t<span class=\"elementor-icon\">\n\t\t\t\t<i aria-hidden=\"true\" class=\"icon icon-map-marker1\"><\/i>\t\t\t\t<\/span>\n\t\t\t<\/div>\n\t\t\t\n\t\t\t\t\t\t<div class=\"elementor-icon-box-content\">\n\n\t\t\t\t\t\t\t\t\t<h4 class=\"elementor-icon-box-title\">\n\t\t\t\t\t\t<span>\n\t\t\t\t\t\t\tLi\u00ean h\u1ec7\t\t\t\t\t\t<\/span>\n\t\t\t\t\t<\/h4>\n\t\t\t\t\n\t\t\t\t\t\t\t\t\t<p class=\"elementor-icon-box-description\">\n\t\t\t\t\t\t72 M\u1ea1c \u0110\u0129nh Chi, P. Pleiku, T\u1ec9nh Gia Lai\t\t\t\t\t<\/p>\n\t\t\t\t\n\t\t\t<\/div>\n\t\t\t\n\t\t<\/div>\n\t\t\t\t\t\t<\/div>\n\t\t\t\t\t<\/div>\n\t\t\t\t<\/div>\n\t\t<div class=\"elementor-element elementor-element-3b1c6e7b e-flex e-con-boxed e-con e-parent\" data-id=\"3b1c6e7b\" data-element_type=\"container\">\n\t\t\t\t\t<div class=\"e-con-inner\">\n\t\t<div class=\"elementor-element elementor-element-48e982d8 e-con-full e-flex e-con e-child\" data-id=\"48e982d8\" data-element_type=\"container\">\n\t\t<div class=\"elementor-element elementor-element-4495e248 e-con-full e-flex e-con e-child\" data-id=\"4495e248\" data-element_type=\"container\" data-settings='{\"background_background\":\"classic\"}'>\n\t\t\t\t<div class=\"elementor-element elementor-element-9818cd7 fluentform-widget-submit-button-custom elementor-widget elementor-widget-fluent-form-widget\" data-id=\"9818cd7\" data-element_type=\"widget\" data-widget_type=\"fluent-form-widget.default\">\n\t\t\t\t<div class=\"elementor-widget-container\">\n\t\t\t\t\t\n            <div class=\"fluentform-widget-wrapper fluentform-widget-align-default\">\n\n            \n            <div class=\"fluentform ff-default fluentform_wrapper_1 ffs_default_wrap\"><form data-form_id=\"1\" id=\"fluentform_1\" class=\"frm-fluent-form fluent_form_1 ff-el-form-top ff_form_instance_1_1 ff-form-loading ff_has_v3_recptcha ffs_default\" data-form_instance=\"ff_form_instance_1_1\" method=\"POST\" data-recptcha_key=\"6LehLSgsAAAAAELALW6t2LxdQfmPl6jbj4QEGwDI\" action=\"\"><fieldset style=\"border: none!important;margin: 0!important;padding: 0!important;background-color: transparent!important;box-shadow: none!important;outline: none!important; min-inline-size: 100%;\">\n                    <legend class=\"ff_screen_reader_title\" style=\"display: block; margin: 0!important;padding: 0!important;height: 0!important;text-indent: -999999px;width: 0!important;overflow:hidden;\">B\u1ea3n demo bi\u1ec3u m\u1eabu li\u00ean h\u1ec7<\/legend><input type=\"hidden\" name=\"__fluent_form_embded_post_id\" value=\"132\"><input type=\"hidden\" id=\"_fluentform_1_fluentformnonce\" name=\"_fluentform_1_fluentformnonce\" value=\"6df1ced82b\"><input type=\"hidden\" name=\"_wp_http_referer\" value=\"\/vi\/wp-json\/wp\/v2\/pages\/132\"><div data-type=\"name-element\" data-name=\"names\" class=\"ff-field_container ff-name-field-wrapper\"><div class=\"ff-t-container\"><div class=\"ff-t-cell\"><div class=\"ff-el-group\"><div class=\"ff-el-input--label asterisk-right\"><label for=\"ff_1_names_first_name_\" id=\"label_ff_1_names_first_name_\">T\u00ean<\/label><\/div><div class=\"ff-el-input--content\"><input type=\"text\" name=\"names[first_name]\" id=\"ff_1_names_first_name_\" class=\"ff-el-form-control\" placeholder=\"T\u00ean\" aria-invalid=\"false\" aria-required=\"false\"><\/div><\/div><\/div><div class=\"ff-t-cell\"><div class=\"ff-el-group\"><div class=\"ff-el-input--label asterisk-right\"><label for=\"ff_1_names_last_name_\" id=\"label_ff_1_names_last_name_\">H\u1ecd<\/label><\/div><div class=\"ff-el-input--content\"><input type=\"text\" name=\"names[last_name]\" id=\"ff_1_names_last_name_\" class=\"ff-el-form-control\" placeholder=\"H\u1ecd\" aria-invalid=\"false\" aria-required=\"false\"><\/div><\/div><\/div><\/div><\/div><div class=\"ff-el-group\"><div class=\"ff-el-input--label ff-el-is-required asterisk-right\"><label for=\"ff_1_email\" id=\"label_ff_1_email\" aria-label=\"E-mail\">E-mail<\/label><\/div><div class=\"ff-el-input--content\"><input type=\"email\" name=\"email\" id=\"ff_1_email\" class=\"ff-el-form-control\" placeholder=\"\u0110\u1ecba ch\u1ec9 email\" data-name=\"email\" aria-invalid=\"false\" aria-required=\"true\"><\/div><\/div><div class=\"ff-el-group\"><div class=\"ff-el-input--label asterisk-right\"><label for=\"ff_1_subject\" id=\"label_ff_1_subject\" aria-label=\"Ch\u1ee7 th\u1ec3\">Ch\u1ee7 th\u1ec3<\/label><\/div><div class=\"ff-el-input--content\"><input type=\"text\" name=\"subject\" class=\"ff-el-form-control\" placeholder=\"Ch\u1ee7 th\u1ec3\" data-name=\"subject\" id=\"ff_1_subject\" aria-invalid=\"false\" aria-required=\"false\"><\/div><\/div><div class=\"ff-el-group\"><div class=\"ff-el-input--label ff-el-is-required asterisk-right\"><label for=\"ff_1_message\" id=\"label_ff_1_message\" aria-label=\"Tin nh\u1eafn c\u1ee7a b\u1ea1n\">Tin nh\u1eafn c\u1ee7a b\u1ea1n<\/label><\/div><div class=\"ff-el-input--content\"><textarea aria-required=\"true\" aria-labelledby=\"label_ff_1_message\" name=\"message\" id=\"ff_1_message\" class=\"ff-el-form-control\" placeholder=\"Tin nh\u1eafn c\u1ee7a b\u1ea1n\" rows=\"4\" cols=\"2\" data-name=\"message\"><\/textarea><\/div><\/div><div class=\"ff-el-group ff-text-left ff_submit_btn_wrapper\"><button type=\"submit\" class=\"ff-btn ff-btn-submit ff-btn-md ff_btn_style\" aria-label=\"N\u1ed9p m\u1eabu\">N\u1ed9p m\u1eabu<\/button><\/div><\/fieldset><input type=\"hidden\" name=\"trp-form-language\" value=\"vi\"\/><\/form><div id=\"fluentform_1_errors\" class=\"ff-errors-in-stack ff_form_instance_1_1 ff-form-loading_errors ff_form_instance_1_1_errors\"><\/div><\/div>            <script type=\"text\/javascript\">\n                window.fluent_form_ff_form_instance_1_1 = {\"id\":\"1\",\"settings\":{\"layout\":{\"labelPlacement\":\"top\",\"helpMessagePlacement\":\"with_label\",\"errorMessagePlacement\":\"inline\",\"cssClassName\":\"\",\"asteriskPlacement\":\"asterisk-right\"},\"restrictions\":{\"denyEmptySubmission\":{\"enabled\":false}}},\"form_instance\":\"ff_form_instance_1_1\",\"form_id_selector\":\"fluentform_1\",\"rules\":{\"names[first_name]\":{\"required\":{\"value\":false,\"message\":\"This field is required\",\"global\":false,\"global_message\":\"This field is required\"}},\"names[middle_name]\":{\"required\":{\"value\":false,\"message\":\"This field is required\",\"global\":false,\"global_message\":\"This field is required\"}},\"names[last_name]\":{\"required\":{\"value\":false,\"message\":\"This field is required\",\"global\":false,\"global_message\":\"This field is required\"}},\"email\":{\"required\":{\"value\":true,\"message\":\"This field is required\",\"global\":false,\"global_message\":\"This field is required\"},\"email\":{\"value\":true,\"message\":\"This field must contain a valid email\",\"global\":false,\"global_message\":\"This field must contain a valid email\"}},\"subject\":{\"required\":{\"value\":false,\"message\":\"This field is required\",\"global\":false,\"global_message\":\"This field is required\"}},\"message\":{\"required\":{\"value\":true,\"message\":\"This field is required\",\"global\":false,\"global_message\":\"This field is required\"}},\"g-recaptcha-response\":[]},\"debounce_time\":300};\n                            <\/script>\n                        <\/div>\n\n            \t\t\t\t<\/div>\n\t\t\t\t<\/div>\n\t\t\t\t<\/div>\n\t\t<div class=\"elementor-element elementor-element-5a1a9d6 e-con-full e-flex e-con e-child\" data-id=\"5a1a9d6\" data-element_type=\"container\">\n\t\t<div class=\"elementor-element elementor-element-59e69228 e-con-full e-flex e-con e-child\" data-id=\"59e69228\" data-element_type=\"container\">\n\t\t\t\t<div class=\"elementor-element elementor-element-128c7fd5 elementor-widget elementor-widget-heading\" data-id=\"128c7fd5\" data-element_type=\"widget\" data-widget_type=\"heading.default\">\n\t\t\t\t\t<h2 class=\"elementor-heading-title elementor-size-default\">li\u00ean h\u1ec7<\/h2>\t\t\t\t<\/div>\n\t\t\t\t<div class=\"elementor-element elementor-element-333bd380 elementor-widget elementor-widget-heading\" data-id=\"333bd380\" data-element_type=\"widget\" data-widget_type=\"heading.default\">\n\t\t\t\t\t<h2 class=\"elementor-heading-title elementor-size-default\">Li\u00ean h\u1ec7<\/h2>\t\t\t\t<\/div>\n\t\t\t\t<div class=\"elementor-element elementor-element-632d74d8 elementor-widget elementor-widget-text-editor\" data-id=\"632d74d8\" data-element_type=\"widget\" data-widget_type=\"text-editor.default\">\n\t\t\t\t\t\t\t\t\t<p>Th&ecirc;m m&#7897;t &#273;o&#7841;n v&#259;n b&#7843;n &#7903; &#273;&acirc;y. Nh&#7845;p v&agrave;o &ocirc; v&#259;n b&#7843;n &#273;&#7875; t&ugrave;y ch&#7881;nh n&#7897;i dung, phong c&aacute;ch ph&ocirc;ng ch&#7919; v&agrave; m&agrave;u s&#7855;c c&#7911;a &#273;o&#7841;n v&#259;n c&#7911;a b&#7841;n.<\/p>\n\t\t\t\t\t\t\t\t<\/div>\n\t\t\t\t<\/div>\n\t\t<div class=\"elementor-element elementor-element-70f963d7 e-con-full e-flex e-con e-child\" data-id=\"70f963d7\" data-element_type=\"container\">\n\t\t\t\t<div class=\"elementor-element elementor-element-70dcb4f fluentform-widget-submit-button-full-width form-email elementor-widget elementor-widget-fluent-form-widget\" data-id=\"70dcb4f\" data-element_type=\"widget\" data-widget_type=\"fluent-form-widget.default\">\n\t\t\t\t<div class=\"elementor-widget-container\">\n\t\t\t\t\t\n            <div class=\"fluentform-widget-wrapper fluentform-widget-align-default\">\n\n            \n            <div class=\"fluentform ff-default fluentform_wrapper_2 ffs_default_wrap\"><form data-form_id=\"2\" id=\"fluentform_2\" class=\"frm-fluent-form fluent_form_2 ff-el-form-top ff_form_instance_2_2 ff-form-loading ff_has_v3_recptcha ff_has_v3_recptcha ffs_default\" data-form_instance=\"ff_form_instance_2_2\" method=\"POST\" data-recptcha_key=\"6LehLSgsAAAAAELALW6t2LxdQfmPl6jbj4QEGwDI\" action=\"\"><fieldset style=\"border: none!important;margin: 0!important;padding: 0!important;background-color: transparent!important;box-shadow: none!important;outline: none!important; min-inline-size: 100%;\">\n                    <legend class=\"ff_screen_reader_title\" style=\"display: block; margin: 0!important;padding: 0!important;height: 0!important;text-indent: -999999px;width: 0!important;overflow:hidden;\">M\u1eabu \u0111\u0103ng k\u00fd<\/legend><input type=\"hidden\" name=\"__fluent_form_embded_post_id\" value=\"132\"><input type=\"hidden\" id=\"_fluentform_2_fluentformnonce\" name=\"_fluentform_2_fluentformnonce\" value=\"6df1ced82b\"><input type=\"hidden\" name=\"_wp_http_referer\" value=\"\/vi\/wp-json\/wp\/v2\/pages\/132\"><div data-name=\"ff_cn_id_1\" class=\"ff-t-container ff-column-container ff_columns_total_2\"><div class=\"ff-t-cell ff-t-column-1\" style=\"flex-basis: 50%;\"><div class=\"ff-el-group\"><div class=\"ff-el-input--content\"><input type=\"email\" name=\"email\" id=\"ff_2_2_email\" class=\"ff-el-form-control\" placeholder=\"\u0110\u1ecba ch\u1ec9 email c\u1ee7a b\u1ea1n\" data-name=\"email\" aria-invalid=\"false\" aria-required=\"true\"><\/div><\/div><\/div><div class=\"ff-t-cell ff-t-column-2\" style=\"flex-basis: 50%;\"><div class=\"ff-el-group ff-text-left ff_submit_btn_wrapper ff_submit_btn_wrapper_custom\"><button class=\"ff-btn ff-btn-submit ff-btn-md ff_btn_style wpf_has_custom_css\" type=\"submit\" name=\"custom_submit_button-2_1\" data-name=\"custom_submit_button-2_1\" aria-label=\"\u0110\u1eb7t mua\">\u0110\u1eb7t mua<\/button><style>form.fluent_form_2 .wpf_has_custom_css.ff-btn-submit { background-color:#1a7efb;border-color:#1a7efb;color:#ffffff;min-width:100%; }form.fluent_form_2 .wpf_has_custom_css.ff-btn-submit:hover { background-color:#ffffff;border-color:#1a7efb;color:#1a7efb;min-width:100%; } <\/style><\/div><\/div><\/div><\/fieldset><input type=\"hidden\" name=\"trp-form-language\" value=\"vi\"\/><\/form><div id=\"fluentform_2_errors\" class=\"ff-errors-in-stack ff_form_instance_2_2 ff-form-loading_errors ff_form_instance_2_2_errors\"><\/div><\/div>            <script type=\"text\/javascript\">\n                window.fluent_form_ff_form_instance_2_2 = {\"id\":\"2\",\"settings\":{\"layout\":{\"labelPlacement\":\"top\",\"helpMessagePlacement\":\"with_label\",\"errorMessagePlacement\":\"inline\",\"asteriskPlacement\":\"asterisk-right\"},\"restrictions\":{\"denyEmptySubmission\":{\"enabled\":false}}},\"form_instance\":\"ff_form_instance_2_2\",\"form_id_selector\":\"fluentform_2\",\"rules\":{\"email\":{\"required\":{\"value\":true,\"message\":\"This field is required\",\"global\":false,\"global_message\":\"This field is required\"},\"email\":{\"value\":true,\"message\":\"This field must contain a valid email\",\"global\":false,\"global_message\":\"This field must contain a valid email\"}},\"g-recaptcha-response\":[]},\"debounce_time\":300};\n                            <\/script>\n                        <\/div>\n\n            \t\t\t\t<\/div>\n\t\t\t\t<\/div>\n\t\t\t\t<\/div>\n\t\t\t\t<\/div>\n\t\t\t\t<\/div>\n\t\t\t\t\t<\/div>\n\t\t\t\t<\/div>\n\t\t\t\t<div class=\"xs_social_share_widget xs_share_url after_content \t\tmain_content  wslu-style-1 wslu-share-box-shaped wslu-fill-colored wslu-none wslu-share-horizontal wslu-theme-font-no wslu-main_content\">\n\n\t\t\n        <ul>\n\t\t\t        <\/ul>\n    <\/div><\/div>","protected":false},"excerpt":{"rendered":"<p>Email atkbanana.agri@outlook.com \u0110i\u1ec7n tho\u1ea1i Mr.Toan: +84 819444339 Ms.Claire:+84 949331413 \u0110\u1ecba ch\u1ec9 72 M\u1ea1c \u0110\u0129nh Chi, P. Pleiku, T\u1ec9nh Gia Lai M\u1eabu li\u00ean h\u1ec7 Demo T\u00ean H\u1ecd Email Ch\u1ee7 \u0111\u1ec1 Tin nh\u1eafn c\u1ee7a b\u1ea1n G\u1eedi bi\u1ec3u m\u1eabu li\u00ean h\u1ec7 Li\u00ean h\u1ec7 Lorem ipsum dolor sit amet, consectetur adipiscing elit. Ut elit Tellus, luctus nec ullamcorper mattis, pulvinar dapibus leo. M\u1eabu \u0111\u0103ng k\u00fd \u0110\u0103ng k\u00fd<\/p>","protected":false},"author":1,"featured_media":0,"parent":0,"menu_order":0,"comment_status":"closed","ping_status":"closed","template":"elementor_header_footer","meta":{"footnotes":""},"class_list":["post-132","page","type-page","status-publish","hentry"],"blocksy_meta":[],"yoast_head":"<!-- This site is optimized with the Yoast SEO Premium plugin v24.8 (Yoast SEO v24.8) - https:\/\/yoast.com\/wordpress\/plugins\/seo\/ -->\n<title>Contact - An Th\u1ecbnh Khang Farm<\/title>\n<meta name=\"robots\" content=\"index, follow, max-snippet:-1, max-image-preview:large, max-video-preview:-1\" \/>\n<link rel=\"canonical\" href=\"https:\/\/anthinhkhangfarm.com\/vi\/lien-he\/\" \/>\n<meta property=\"og:locale\" content=\"vi_VN\" \/>\n<meta property=\"og:type\" content=\"article\" \/>\n<meta property=\"og:title\" content=\"Contact\" \/>\n<meta property=\"og:description\" content=\"Email atkbanana.agri@outlook.com Phone Mr.Toan: +84 819444339 Ms.Claire:+84 949331413 Location 72 Mac Dinh Chi Street, Pleiku Ward, Gia Lai Province Contact Form Demo First NameLast NameEmailSubjectYour MessageSubmit Form contact Get In Touch Lorem ipsum dolor sit amet, consectetur adipiscing elit. Ut elit tellus, luctus nec ullamcorper mattis, pulvinar dapibus leo. Subscription Form Subscribe\" \/>\n<meta property=\"og:url\" content=\"https:\/\/anthinhkhangfarm.com\/vi\/lien-he\/\" \/>\n<meta property=\"og:site_name\" content=\"An Th\u1ecbnh Khang Farm\" \/>\n<meta property=\"article:modified_time\" content=\"2025-12-09T02:38:29+00:00\" \/>\n<meta name=\"twitter:card\" content=\"summary_large_image\" \/>\n<meta name=\"twitter:label1\" content=\"\u01af\u1edbc t\u00ednh th\u1eddi gian \u0111\u1ecdc\" \/>\n\t<meta name=\"twitter:data1\" content=\"1 ph\u00fat\" \/>\n<script type=\"application\/ld+json\" class=\"yoast-schema-graph\">{\"@context\":\"https:\/\/schema.org\",\"@graph\":[{\"@type\":\"WebPage\",\"@id\":\"https:\/\/anthinhkhangfarm.com\/contact\/\",\"url\":\"https:\/\/anthinhkhangfarm.com\/contact\/\",\"name\":\"Contact - An Th\u1ecbnh Khang Farm\",\"isPartOf\":{\"@id\":\"https:\/\/anthinhkhangfarm.com\/#website\"},\"datePublished\":\"2025-11-18T10:10:54+00:00\",\"dateModified\":\"2025-12-09T02:38:29+00:00\",\"breadcrumb\":{\"@id\":\"https:\/\/anthinhkhangfarm.com\/contact\/#breadcrumb\"},\"inLanguage\":\"vi\",\"potentialAction\":[{\"@type\":\"ReadAction\",\"target\":[\"https:\/\/anthinhkhangfarm.com\/contact\/\"]}]},{\"@type\":\"BreadcrumbList\",\"@id\":\"https:\/\/anthinhkhangfarm.com\/contact\/#breadcrumb\",\"itemListElement\":[{\"@type\":\"ListItem\",\"position\":1,\"name\":\"Home\",\"item\":\"https:\/\/anthinhkhangfarm.com\/\"},{\"@type\":\"ListItem\",\"position\":2,\"name\":\"Contact\"}]},{\"@type\":\"WebSite\",\"@id\":\"https:\/\/anthinhkhangfarm.com\/#website\",\"url\":\"https:\/\/anthinhkhangfarm.com\/\",\"name\":\"An Th\u1ecbnh Khang Farm\",\"description\":\"\",\"potentialAction\":[{\"@type\":\"SearchAction\",\"target\":{\"@type\":\"EntryPoint\",\"urlTemplate\":\"https:\/\/anthinhkhangfarm.com\/?s={search_term_string}\"},\"query-input\":{\"@type\":\"PropertyValueSpecification\",\"valueRequired\":true,\"valueName\":\"search_term_string\"}}],\"inLanguage\":\"vi\"}]}<\/script>\n<!-- \/ Yoast SEO Premium plugin. -->","yoast_head_json":{"title":"Contact - An Th\u1ecbnh Khang Farm","robots":{"index":"index","follow":"follow","max-snippet":"max-snippet:-1","max-image-preview":"max-image-preview:large","max-video-preview":"max-video-preview:-1"},"canonical":"https:\/\/anthinhkhangfarm.com\/vi\/lien-he\/","og_locale":"vi_VN","og_type":"article","og_title":"Contact","og_description":"Email atkbanana.agri@outlook.com Phone Mr.Toan: +84 819444339 Ms.Claire:+84 949331413 Location 72 Mac Dinh Chi Street, Pleiku Ward, Gia Lai Province Contact Form Demo First NameLast NameEmailSubjectYour MessageSubmit Form contact Get In Touch Lorem ipsum dolor sit amet, consectetur adipiscing elit. Ut elit tellus, luctus nec ullamcorper mattis, pulvinar dapibus leo. Subscription Form Subscribe","og_url":"https:\/\/anthinhkhangfarm.com\/vi\/lien-he\/","og_site_name":"An Th\u1ecbnh Khang Farm","article_modified_time":"2025-12-09T02:38:29+00:00","twitter_card":"summary_large_image","twitter_misc":{"\u01af\u1edbc t\u00ednh th\u1eddi gian \u0111\u1ecdc":"1 ph\u00fat"},"schema":{"@context":"https:\/\/schema.org","@graph":[{"@type":"WebPage","@id":"https:\/\/anthinhkhangfarm.com\/contact\/","url":"https:\/\/anthinhkhangfarm.com\/contact\/","name":"Contact - An Th\u1ecbnh Khang Farm","isPartOf":{"@id":"https:\/\/anthinhkhangfarm.com\/#website"},"datePublished":"2025-11-18T10:10:54+00:00","dateModified":"2025-12-09T02:38:29+00:00","breadcrumb":{"@id":"https:\/\/anthinhkhangfarm.com\/contact\/#breadcrumb"},"inLanguage":"vi","potentialAction":[{"@type":"ReadAction","target":["https:\/\/anthinhkhangfarm.com\/contact\/"]}]},{"@type":"BreadcrumbList","@id":"https:\/\/anthinhkhangfarm.com\/contact\/#breadcrumb","itemListElement":[{"@type":"ListItem","position":1,"name":"Home","item":"https:\/\/anthinhkhangfarm.com\/"},{"@type":"ListItem","position":2,"name":"Contact"}]},{"@type":"WebSite","@id":"https:\/\/anthinhkhangfarm.com\/#website","url":"https:\/\/anthinhkhangfarm.com\/","name":"An Th\u1ecbnh Khang Farm","description":"","potentialAction":[{"@type":"SearchAction","target":{"@type":"EntryPoint","urlTemplate":"https:\/\/anthinhkhangfarm.com\/?s={search_term_string}"},"query-input":{"@type":"PropertyValueSpecification","valueRequired":true,"valueName":"search_term_string"}}],"inLanguage":"vi"}]}},"_links":{"self":[{"href":"https:\/\/anthinhkhangfarm.com\/vi\/wp-json\/wp\/v2\/pages\/132","targetHints":{"allow":["GET"]}}],"collection":[{"href":"https:\/\/anthinhkhangfarm.com\/vi\/wp-json\/wp\/v2\/pages"}],"about":[{"href":"https:\/\/anthinhkhangfarm.com\/vi\/wp-json\/wp\/v2\/types\/page"}],"author":[{"embeddable":true,"href":"https:\/\/anthinhkhangfarm.com\/vi\/wp-json\/wp\/v2\/users\/1"}],"replies":[{"embeddable":true,"href":"https:\/\/anthinhkhangfarm.com\/vi\/wp-json\/wp\/v2\/comments?post=132"}],"version-history":[{"count":151,"href":"https:\/\/anthinhkhangfarm.com\/vi\/wp-json\/wp\/v2\/pages\/132\/revisions"}],"predecessor-version":[{"id":1660,"href":"https:\/\/anthinhkhangfarm.com\/vi\/wp-json\/wp\/v2\/pages\/132\/revisions\/1660"}],"wp:attachment":[{"href":"https:\/\/anthinhkhangfarm.com\/vi\/wp-json\/wp\/v2\/media?parent=132"}],"curies":[{"name":"wp","href":"https:\/\/api.w.org\/{rel}","templated":true}]}}