{"id":1413,"date":"2025-11-29T09:33:13","date_gmt":"2025-11-29T02:33:13","guid":{"rendered":"https:\/\/anthinhkhang.123websitedev.com\/?page_id=1413"},"modified":"2025-12-15T11:13:13","modified_gmt":"2025-12-15T04:13:13","slug":"project","status":"publish","type":"page","link":"https:\/\/anthinhkhangfarm.com\/vi\/project\/","title":{"rendered":"D\u1ef1 \u00e1n"},"content":{"rendered":"<div data-elementor-type=\"wp-page\" data-elementor-id=\"1413\" class=\"elementor elementor-1413\" data-elementor-post-type=\"page\">\n\t\t\t\t<div class=\"elementor-element elementor-element-29011765 e-flex e-con-boxed e-con e-parent\" data-id=\"29011765\" data-element_type=\"container\" data-settings='{\"background_background\":\"classic\"}'>\n\t\t\t\t\t<div class=\"e-con-inner\">\n\t\t<div class=\"elementor-element elementor-element-14ef776d e-con-full e-flex e-con e-child\" data-id=\"14ef776d\" data-element_type=\"container\">\n\t\t\t\t<div class=\"elementor-element elementor-element-734c88b elementor-widget elementor-widget-global elementor-global-867 elementor-widget-breadcrumbs\" data-id=\"734c88b\" data-element_type=\"widget\" data-widget_type=\"breadcrumbs.default\">\n\t\t\t\t\t<div id=\"breadcrumbs\"><span><span><a href=\"https:\/\/anthinhkhangfarm.com\/vi\/\">Trang ch\u1ee7<\/a><\/span><\/span><\/div>\t\t\t\t<\/div>\n\t\t\t\t<\/div>\n\t\t\t\t\t<\/div>\n\t\t\t\t<\/div>\n\t\t<div class=\"elementor-element elementor-element-2719457f e-flex e-con-boxed e-con e-parent\" data-id=\"2719457f\" data-element_type=\"container\">\n\t\t\t\t\t<div class=\"e-con-inner\">\n\t\t<div class=\"elementor-element elementor-element-f6427fb e-con-full animated-slow e-flex elementor-invisible e-con e-child\" data-id=\"f6427fb\" data-element_type=\"container\" data-settings='{\"animation\":\"fadeInUp\"}'>\n\t\t<div class=\"elementor-element elementor-element-eb36ddc e-con-full e-flex e-con e-child\" data-id=\"eb36ddc\" data-element_type=\"container\">\n\t\t\t\t<div class=\"elementor-element elementor-element-363b895 video-vimeo elementor-widget elementor-widget-video\" data-id=\"363b895\" data-element_type=\"widget\" data-settings='{\"video_type\":\"vimeo\",\"autoplay\":\"yes\",\"loop\":\"yes\",\"play_on_mobile\":\"yes\"}' data-widget_type=\"video.default\">\n\t\t\t\t\t\t\t<div class=\"elementor-wrapper elementor-open-inline\">\n\t\t\t<iframe class=\"elementor-video-iframe\" allowfullscreen allow=\"autoplay\" title=\"Tr&igrave;nh ph&aacute;t Video vimeo\" src=\"https:\/\/player.vimeo.com\/video\/1144381253?autoplay=1&amp;playsinline=1&amp;color&amp;autopause=0&amp;loop=1&amp;muted=0&amp;title=1&amp;portrait=1&amp;byline=1#t=\"><\/iframe>\t\t<\/div>\n\t\t\t\t\t\t<\/div>\n\t\t\t\t<\/div>\n\t\t<div class=\"elementor-element elementor-element-5a96b6d1 e-con-full e-flex e-con e-child\" data-id=\"5a96b6d1\" data-element_type=\"container\">\n\t\t\t\t<div class=\"elementor-element elementor-element-5651787a elementor-widget elementor-widget-heading\" data-id=\"5651787a\" data-element_type=\"widget\" data-widget_type=\"heading.default\">\n\t\t\t\t\t<h2 class=\"elementor-heading-title elementor-size-default\">X\u00e2y d\u1ef1ng d\u1ef1 \u00e1n chu\u1ed1i cho s\u1ef1 ph\u00e1t tri\u1ec3n d\u00e0i h\u1ea1n<\/h2>\t\t\t\t<\/div>\n\t\t\t\t<div class=\"elementor-element elementor-element-74ce152d elementor-widget elementor-widget-text-editor\" data-id=\"74ce152d\" data-element_type=\"widget\" data-widget_type=\"text-editor.default\">\n\t\t\t\t\t\t\t\t\t<p>T\u1ea1i N\u00f4ng tr\u1ea1i An Th\u1ecbnh Khang, ch\u00fang t\u00f4i \u1ea5p \u1ee7 kh\u00e1t v\u1ecdng m\u1edf r\u1ed9ng d\u1ef1 \u00e1n chu\u1ed1i l\u00ean quy m\u00f4 1.000 ha. Tuy nhi\u00ean, \u0111i\u1ec1u quan tr\u1ecdng nh\u1ea5t \u0111\u1ed1i v\u1edbi ch\u00fang t\u00f4i kh\u00f4ng ch\u1ec9 l\u00e0 quy m\u00f4, m\u00e0 c\u00f2n l\u00e0 ch\u1ea5t l\u01b0\u1ee3ng s\u1ea3n ph\u1ea9m. Vi\u1ec7c \u0111\u00e1p \u1ee9ng c\u00e1c ti\u00eau chu\u1ea9n xu\u1ea5t kh\u1ea9u qu\u1ed1c t\u1ebf v\u00e0 \u0111\u01b0a s\u1ea3n ph\u1ea9m chu\u1ed1i c\u1ee7a ch\u00fang t\u00f4i \u0111\u1ebfn v\u1edbi th\u1ecb tr\u01b0\u1eddng to\u00e0n c\u1ea7u lu\u00f4n l\u00e0 \u01b0u ti\u00ean h\u00e0ng \u0111\u1ea7u.<br data-start=\"394\" data-end=\"397\">Ch\u00fang t\u00f4i \u0111ang x\u00e2y d\u1ef1ng m\u1ed9t \u0111\u1ed9i ng\u0169 chuy\u00ean nghi\u1ec7p v\u00e0 t\u1eadn t\u00e2m, v\u1edbi k\u1ef9 n\u0103ng v\u00e0 kinh nghi\u1ec7m ng\u00e0y c\u00e0ng \u0111\u01b0\u1ee3c n\u00e2ng cao. V\u1edbi l\u1ee3i th\u1ebf v\u00f9ng \u0111\u1ea5t Cao nguy\u00ean m\u00e0u m\u1ee1, ch\u00fang t\u00f4i cam k\u1ebft b\u1ea3o v\u1ec7 t\u00e0i nguy\u00ean thi\u00ean nhi\u00ean v\u00e0 canh t\u00e1c c\u00f3 tr\u00e1ch nhi\u1ec7m, ph\u00f9 h\u1ee3p v\u1edbi c\u00e1c ti\u00eau chu\u1ea9n GlobalG.A.P.<br data-start=\"636\" data-end=\"639\">Ph\u00e1t tri\u1ec3n v\u00e0 ho\u00e0n thi\u1ec7n doanh nghi\u1ec7p v\u1eeba l\u00e0 th\u00e1ch th\u1ee9c, v\u1eeba l\u00e0 c\u01a1 h\u1ed9i, v\u00e0 ch\u00fang t\u00f4i lu\u00f4n ch\u00e0o \u0111\u00f3n c\u00e1c \u0111\u1ed1i t\u00e1c v\u00e0 kh\u00e1ch h\u00e0ng \u0111ang t\u00ecm ki\u1ebfm s\u1ef1 h\u1ee3p t\u00e1c l\u00e2u d\u00e0i v\u00e0 ph\u00e1t tri\u1ec3n b\u1ec1n v\u1eefng c\u00f9ng nhau.<\/p>\n\t\t\t\t\t\t\t\t<\/div>\n\t\t\t\t<\/div>\n\t\t\t\t<\/div>\n\t\t<div class=\"elementor-element elementor-element-6214b89 e-con-full animated-slow e-flex elementor-invisible e-con e-child\" data-id=\"6214b89\" data-element_type=\"container\" data-settings='{\"animation\":\"fadeInRight\"}'>\n\t\t<div class=\"elementor-element elementor-element-253b86ab e-con-full e-flex e-con e-child\" data-id=\"253b86ab\" data-element_type=\"container\">\n\t\t<div class=\"elementor-element elementor-element-5dbfb8cb e-con-full e-flex e-con e-child\" data-id=\"5dbfb8cb\" data-element_type=\"container\">\n\t\t\t\t<div class=\"elementor-element elementor-element-71a6fc81 elementor-icon-list--layout-traditional elementor-list-item-link-full_width elementor-widget elementor-widget-icon-list\" data-id=\"71a6fc81\" data-element_type=\"widget\" data-widget_type=\"icon-list.default\">\n\t\t\t\t\t\t\t<ul class=\"elementor-icon-list-items\">\n\t\t\t\t\t\t\t<li class=\"elementor-icon-list-item\">\n\t\t\t\t\t\t\t\t\t\t\t<span class=\"elementor-icon-list-icon\">\n\t\t\t\t\t\t\t<i aria-hidden=\"true\" class=\"icon icon-map\"><\/i>\t\t\t\t\t\t<\/span>\n\t\t\t\t\t\t\t\t\t\t<span class=\"elementor-icon-list-text\">V\u1ecb tr\u00ed<\/span>\n\t\t\t\t\t\t\t\t\t<\/li>\n\t\t\t\t\t\t\t\t<li class=\"elementor-icon-list-item\">\n\t\t\t\t\t\t\t\t\t\t\t<span class=\"elementor-icon-list-icon\">\n\t\t\t\t\t\t\t<svg aria-hidden=\"true\" class=\"e-font-icon-svg e-far-compass\" viewbox=\"0 0 496 512\" xmlns=\"http:\/\/www.w3.org\/2000\/svg\"><path d=\"M347.94 129.86L203.6 195.83a31.938 31.938 0 0 0-15.77 15.77l-65.97 144.34c-7.61 16.65 9.54 33.81 26.2 26.2l144.34-65.97a31.938 31.938 0 0 0 15.77-15.77l65.97-144.34c7.61-16.66-9.54-33.81-26.2-26.2zm-77.36 148.72c-12.47 12.47-32.69 12.47-45.16 0-12.47-12.47-12.47-32.69 0-45.16 12.47-12.47 32.69-12.47 45.16 0 12.47 12.47 12.47 32.69 0 45.16zM248 8C111.03 8 0 119.03 0 256s111.03 248 248 248 248-111.03 248-248S384.97 8 248 8zm0 448c-110.28 0-200-89.72-200-200S137.72 56 248 56s200 89.72 200 200-89.72 200-200 200z\"><\/path><\/svg>\t\t\t\t\t\t<\/span>\n\t\t\t\t\t\t\t\t\t\t<span class=\"elementor-icon-list-text\">\u0110\u1ed9 cao<\/span>\n\t\t\t\t\t\t\t\t\t<\/li>\n\t\t\t\t\t\t\t\t<li class=\"elementor-icon-list-item\">\n\t\t\t\t\t\t\t\t\t\t\t<span class=\"elementor-icon-list-icon\">\n\t\t\t\t\t\t\t<svg aria-hidden=\"true\" class=\"e-font-icon-svg e-fas-key\" viewbox=\"0 0 512 512\" xmlns=\"http:\/\/www.w3.org\/2000\/svg\"><path d=\"M512 176.001C512 273.203 433.202 352 336 352c-11.22 0-22.19-1.062-32.827-3.069l-24.012 27.014A23.999 23.999 0 0 1 261.223 384H224v40c0 13.255-10.745 24-24 24h-40v40c0 13.255-10.745 24-24 24H24c-13.255 0-24-10.745-24-24v-78.059c0-6.365 2.529-12.47 7.029-16.971l161.802-161.802C163.108 213.814 160 195.271 160 176 160 78.798 238.797.001 335.999 0 433.488-.001 512 78.511 512 176.001zM336 128c0 26.51 21.49 48 48 48s48-21.49 48-48-21.49-48-48-48-48 21.49-48 48z\"><\/path><\/svg>\t\t\t\t\t\t<\/span>\n\t\t\t\t\t\t\t\t\t\t<span class=\"elementor-icon-list-text\">S\u1ea3n ph\u1ea9m ch\u00ednh<\/span>\n\t\t\t\t\t\t\t\t\t<\/li>\n\t\t\t\t\t\t<\/ul>\n\t\t\t\t\t\t<\/div>\n\t\t\t\t<\/div>\n\t\t<div class=\"elementor-element elementor-element-61dd0f26 e-con-full e-flex e-con e-child\" data-id=\"61dd0f26\" data-element_type=\"container\">\n\t\t\t\t<div class=\"elementor-element elementor-element-41fb3850 elementor-align-right elementor-mobile-align-left elementor-icon-list--layout-traditional elementor-list-item-link-full_width elementor-widget elementor-widget-icon-list\" data-id=\"41fb3850\" data-element_type=\"widget\" data-widget_type=\"icon-list.default\">\n\t\t\t\t\t\t\t<ul class=\"elementor-icon-list-items\">\n\t\t\t\t\t\t\t<li class=\"elementor-icon-list-item\">\n\t\t\t\t\t\t\t\t\t\t<span class=\"elementor-icon-list-text\">T\u1ec9nh Gia Lai<\/span>\n\t\t\t\t\t\t\t\t\t<\/li>\n\t\t\t\t\t\t\t\t<li class=\"elementor-icon-list-item\">\n\t\t\t\t\t\t\t\t\t\t<span class=\"elementor-icon-list-text\">Tr\u00ean 750m <\/span>\n\t\t\t\t\t\t\t\t\t<\/li>\n\t\t\t\t\t\t\t\t<li class=\"elementor-icon-list-item\">\n\t\t\t\t\t\t\t\t\t\t<span class=\"elementor-icon-list-text\">Chu\u1ed1i Cao Nguy\u00ean Cavendish<\/span>\n\t\t\t\t\t\t\t\t\t<\/li>\n\t\t\t\t\t\t<\/ul>\n\t\t\t\t\t\t<\/div>\n\t\t\t\t<\/div>\n\t\t\t\t<\/div>\n\t\t<div class=\"elementor-element elementor-element-4444e39e e-con-full e-flex e-con e-child\" data-id=\"4444e39e\" data-element_type=\"container\">\n\t\t<div class=\"elementor-element elementor-element-7f0fcd3 e-con-full e-flex e-con e-child\" data-id=\"7f0fcd3\" data-element_type=\"container\" data-settings='{\"background_background\":\"classic\"}'>\n\t\t\t\t<\/div>\n\t\t\t\t<\/div>\n\t\t\t\t<\/div>\n\t\t\t\t\t<\/div>\n\t\t\t\t<\/div>\n\t\t\t\t<div class=\"xs_social_share_widget xs_share_url after_content \t\tmain_content  wslu-style-1 wslu-share-box-shaped wslu-fill-colored wslu-none wslu-share-horizontal wslu-theme-font-no wslu-main_content\">\n\n\t\t\n        <ul>\n\t\t\t        <\/ul>\n    <\/div><\/div>","protected":false},"excerpt":{"rendered":"<p>https:\/\/vimeo.com\/1144381253?fl=pl&amp;fe=vl Building a Banana Project for the Long Term At An Thinh Khang Farm, we dream of expanding our banana project to 1,000 hectares. However, what matters most to us is not just scale, but product quality. Meeting international export standards and delivering our bananas to markets around the world is always our top priority.We [&hellip;]<\/p>","protected":false},"author":1,"featured_media":0,"parent":0,"menu_order":0,"comment_status":"closed","ping_status":"closed","template":"elementor_header_footer","meta":{"footnotes":""},"class_list":["post-1413","page","type-page","status-publish","hentry"],"blocksy_meta":[],"yoast_head":"<!-- This site is optimized with the Yoast SEO Premium plugin v24.8 (Yoast SEO v24.8) - https:\/\/yoast.com\/wordpress\/plugins\/seo\/ -->\n<title>Project - An Th\u1ecbnh Khang Farm<\/title>\n<meta name=\"robots\" content=\"index, follow, max-snippet:-1, max-image-preview:large, max-video-preview:-1\" \/>\n<link rel=\"canonical\" href=\"https:\/\/anthinhkhangfarm.com\/vi\/project\/\" \/>\n<meta property=\"og:locale\" content=\"vi_VN\" \/>\n<meta property=\"og:type\" content=\"article\" \/>\n<meta property=\"og:title\" content=\"Project\" \/>\n<meta property=\"og:description\" content=\"https:\/\/vimeo.com\/1144381253?fl=pl&amp;fe=vl Building a Banana Project for the Long Term At An Thinh Khang Farm, we dream of expanding our banana project to 1,000 hectares. However, what matters most to us is not just scale, but product quality. Meeting international export standards and delivering our bananas to markets around the world is always our top priority.We [&hellip;]\" \/>\n<meta property=\"og:url\" content=\"https:\/\/anthinhkhangfarm.com\/vi\/project\/\" \/>\n<meta property=\"og:site_name\" content=\"An Th\u1ecbnh Khang Farm\" \/>\n<meta property=\"article:modified_time\" content=\"2025-12-15T04:13:13+00:00\" \/>\n<meta name=\"twitter:card\" content=\"summary_large_image\" \/>\n<meta name=\"twitter:label1\" content=\"\u01af\u1edbc t\u00ednh th\u1eddi gian \u0111\u1ecdc\" \/>\n\t<meta name=\"twitter:data1\" content=\"1 ph\u00fat\" \/>\n<script type=\"application\/ld+json\" class=\"yoast-schema-graph\">{\"@context\":\"https:\/\/schema.org\",\"@graph\":[{\"@type\":\"WebPage\",\"@id\":\"https:\/\/anthinhkhangfarm.com\/project\/\",\"url\":\"https:\/\/anthinhkhangfarm.com\/project\/\",\"name\":\"Project - An Th\u1ecbnh Khang Farm\",\"isPartOf\":{\"@id\":\"https:\/\/anthinhkhangfarm.com\/#website\"},\"datePublished\":\"2025-11-29T02:33:13+00:00\",\"dateModified\":\"2025-12-15T04:13:13+00:00\",\"breadcrumb\":{\"@id\":\"https:\/\/anthinhkhangfarm.com\/project\/#breadcrumb\"},\"inLanguage\":\"vi\",\"potentialAction\":[{\"@type\":\"ReadAction\",\"target\":[\"https:\/\/anthinhkhangfarm.com\/project\/\"]}]},{\"@type\":\"BreadcrumbList\",\"@id\":\"https:\/\/anthinhkhangfarm.com\/project\/#breadcrumb\",\"itemListElement\":[{\"@type\":\"ListItem\",\"position\":1,\"name\":\"Home\",\"item\":\"https:\/\/anthinhkhangfarm.com\/\"},{\"@type\":\"ListItem\",\"position\":2,\"name\":\"Project\"}]},{\"@type\":\"WebSite\",\"@id\":\"https:\/\/anthinhkhangfarm.com\/#website\",\"url\":\"https:\/\/anthinhkhangfarm.com\/\",\"name\":\"An Th\u1ecbnh Khang Farm\",\"description\":\"\",\"potentialAction\":[{\"@type\":\"SearchAction\",\"target\":{\"@type\":\"EntryPoint\",\"urlTemplate\":\"https:\/\/anthinhkhangfarm.com\/?s={search_term_string}\"},\"query-input\":{\"@type\":\"PropertyValueSpecification\",\"valueRequired\":true,\"valueName\":\"search_term_string\"}}],\"inLanguage\":\"vi\"}]}<\/script>\n<!-- \/ Yoast SEO Premium plugin. -->","yoast_head_json":{"title":"Project - An Th\u1ecbnh Khang Farm","robots":{"index":"index","follow":"follow","max-snippet":"max-snippet:-1","max-image-preview":"max-image-preview:large","max-video-preview":"max-video-preview:-1"},"canonical":"https:\/\/anthinhkhangfarm.com\/vi\/project\/","og_locale":"vi_VN","og_type":"article","og_title":"Project","og_description":"https:\/\/vimeo.com\/1144381253?fl=pl&amp;fe=vl Building a Banana Project for the Long Term At An Thinh Khang Farm, we dream of expanding our banana project to 1,000 hectares. However, what matters most to us is not just scale, but product quality. Meeting international export standards and delivering our bananas to markets around the world is always our top priority.We [&hellip;]","og_url":"https:\/\/anthinhkhangfarm.com\/vi\/project\/","og_site_name":"An Th\u1ecbnh Khang Farm","article_modified_time":"2025-12-15T04:13:13+00:00","twitter_card":"summary_large_image","twitter_misc":{"\u01af\u1edbc t\u00ednh th\u1eddi gian \u0111\u1ecdc":"1 ph\u00fat"},"schema":{"@context":"https:\/\/schema.org","@graph":[{"@type":"WebPage","@id":"https:\/\/anthinhkhangfarm.com\/project\/","url":"https:\/\/anthinhkhangfarm.com\/project\/","name":"Project - An Th\u1ecbnh Khang Farm","isPartOf":{"@id":"https:\/\/anthinhkhangfarm.com\/#website"},"datePublished":"2025-11-29T02:33:13+00:00","dateModified":"2025-12-15T04:13:13+00:00","breadcrumb":{"@id":"https:\/\/anthinhkhangfarm.com\/project\/#breadcrumb"},"inLanguage":"vi","potentialAction":[{"@type":"ReadAction","target":["https:\/\/anthinhkhangfarm.com\/project\/"]}]},{"@type":"BreadcrumbList","@id":"https:\/\/anthinhkhangfarm.com\/project\/#breadcrumb","itemListElement":[{"@type":"ListItem","position":1,"name":"Home","item":"https:\/\/anthinhkhangfarm.com\/"},{"@type":"ListItem","position":2,"name":"Project"}]},{"@type":"WebSite","@id":"https:\/\/anthinhkhangfarm.com\/#website","url":"https:\/\/anthinhkhangfarm.com\/","name":"An Th\u1ecbnh Khang Farm","description":"","potentialAction":[{"@type":"SearchAction","target":{"@type":"EntryPoint","urlTemplate":"https:\/\/anthinhkhangfarm.com\/?s={search_term_string}"},"query-input":{"@type":"PropertyValueSpecification","valueRequired":true,"valueName":"search_term_string"}}],"inLanguage":"vi"}]}},"_links":{"self":[{"href":"https:\/\/anthinhkhangfarm.com\/vi\/wp-json\/wp\/v2\/pages\/1413","targetHints":{"allow":["GET"]}}],"collection":[{"href":"https:\/\/anthinhkhangfarm.com\/vi\/wp-json\/wp\/v2\/pages"}],"about":[{"href":"https:\/\/anthinhkhangfarm.com\/vi\/wp-json\/wp\/v2\/types\/page"}],"author":[{"embeddable":true,"href":"https:\/\/anthinhkhangfarm.com\/vi\/wp-json\/wp\/v2\/users\/1"}],"replies":[{"embeddable":true,"href":"https:\/\/anthinhkhangfarm.com\/vi\/wp-json\/wp\/v2\/comments?post=1413"}],"version-history":[{"count":52,"href":"https:\/\/anthinhkhangfarm.com\/vi\/wp-json\/wp\/v2\/pages\/1413\/revisions"}],"predecessor-version":[{"id":1749,"href":"https:\/\/anthinhkhangfarm.com\/vi\/wp-json\/wp\/v2\/pages\/1413\/revisions\/1749"}],"wp:attachment":[{"href":"https:\/\/anthinhkhangfarm.com\/vi\/wp-json\/wp\/v2\/media?parent=1413"}],"curies":[{"name":"wp","href":"https:\/\/api.w.org\/{rel}","templated":true}]}}